{"id":52,"date":"2024-08-02T19:22:17","date_gmt":"2024-08-02T17:22:17","guid":{"rendered":"https:\/\/portaldeppa.usac.edu.gt\/?page_id=52"},"modified":"2025-10-15T13:31:07","modified_gmt":"2025-10-15T19:31:07","slug":"historia","status":"publish","type":"page","link":"https:\/\/portaldeppa.usac.edu.gt\/?page_id=52","title":{"rendered":"Historia"},"content":{"rendered":"\n<div class=\"wp-block-stackable-columns alignfull stk-block-columns stk-block stk-89ee2f8 stk-block-background stk--has-background-overlay\" data-block-id=\"89ee2f8\"><style>.stk-89ee2f8 {background-image:url(http:\/\/portaldeppa.usac.edu.gt\/wp-content\/uploads\/2025\/10\/Encabezado_DEPPA_Historia.jpg) !important;border-top-left-radius:5px !important;border-top-right-radius:5px !important;border-bottom-right-radius:5px !important;border-bottom-left-radius:5px !important;overflow:hidden !important;padding-top:9rem !important;padding-right:9rem !important;padding-bottom:9rem !important;padding-left:9rem !important;margin-bottom:0px !important;top:-81px !important;}.stk-89ee2f8-column{--stk-columns-spacing:var(--stk--preset--spacing--80, 5.06rem) !important;--stk-column-gap:var(--stk--preset--spacing--none, 0px) !important;row-gap:var(--stk--preset--spacing--none, 0px) !important;}<\/style><div class=\"stk-row stk-inner-blocks stk-block-content stk-content-align stk-89ee2f8-column alignfull\">\n<div class=\"wp-block-stackable-column stk-block-column stk-column stk-block stk-9633f08\" data-v=\"4\" data-block-id=\"9633f08\"><style>@media screen and (max-width:689px){.stk-9633f08-container{margin-top:var(--stk--preset--spacing--none, 0px) !important;margin-right:var(--stk--preset--spacing--none, 0px) !important;margin-bottom:var(--stk--preset--spacing--none, 0px) !important;margin-left:var(--stk--preset--spacing--none, 0px) !important;min-height:var(--stk--preset--block-height--none, 0px) !important;max-width:143px !important;min-width:auto !important;padding-top:var(--stk--preset--spacing--none, 0px) !important;padding-right:var(--stk--preset--spacing--none, 0px) !important;padding-bottom:var(--stk--preset--spacing--none, 0px) !important;padding-left:var(--stk--preset--spacing--none, 0px) !important;}.stk-9633f08 {max-width:309px !important;min-width:auto !important;padding-top:var(--stk--preset--spacing--none, 0px) !important;padding-right:var(--stk--preset--spacing--none, 0px) !important;padding-bottom:var(--stk--preset--spacing--none, 0px) !important;padding-left:var(--stk--preset--spacing--none, 0px) !important;margin-top:var(--stk--preset--spacing--none, 0px) !important;margin-right:var(--stk--preset--spacing--none, 0px) !important;margin-bottom:var(--stk--preset--spacing--none, 0px) !important;margin-left:var(--stk--preset--spacing--none, 0px) !important;}}<\/style><div class=\"stk-column-wrapper stk-block-column__content stk-container stk-9633f08-container stk--no-background stk--no-padding\"><div class=\"stk-block-content stk-inner-blocks stk-9633f08-inner-blocks\"><\/div><\/div><\/div>\n<\/div><\/div>\n\n\n\n<div class=\"wp-block-stackable-heading stk-block-heading stk-block-heading--v2 stk-block stk-72df3cf\" id=\"nuestra-historia\" data-block-id=\"72df3cf\"><style>.stk-72df3cf .stk-block-heading__text{font-size:50px !important;font-weight:800 !important;font-family:\"Poppins\", Sans-serif !important;}@media screen and (max-width:999px){.stk-72df3cf .stk-block-heading__text{font-size:50px !important;}}<\/style><h2 class=\"stk-block-heading__text has-text-align-center\">Nuestra Historia<\/h2><\/div>\n\n\n\n<div class=\"wp-block-stackable-text stk-block-text stk-block stk-bd23bbb\" data-block-id=\"bd23bbb\"><style>.stk-bd23bbb .stk-block-text__text{font-size:18px !important;}@media screen and (max-width:999px){.stk-bd23bbb .stk-block-text__text{font-size:18px !important;}}<\/style><p class=\"stk-block-text__text\">El Departamento de Evaluaci\u00f3n y Promoci\u00f3n del Personal Acad\u00e9mico inicia como la Oficina T\u00e9cnica de Evaluaci\u00f3n y Promoci\u00f3n -OTEP-, por lo que hablar del DEPPA es hablar de OTEP. Originalmente, la OTEP pertenec\u00eda a la Direcci\u00f3n General de Administraci\u00f3n, una relaci\u00f3n administrativa que no correspond\u00eda a sus funciones principales, ya que esta direcci\u00f3n no estaba involucrada en las actividades relativas a la docencia. En esa \u00e9poca, la OTEP operaba con independencia, recibiendo directrices del Consejo Superior Universitario y del Consejo de Evaluaci\u00f3n Docente, cuyas acciones estaban enmarcadas en el Estatuto de la Carrera Universitaria (Parte Acad\u00e9mica) y el Reglamento de Evaluaci\u00f3n y Promoci\u00f3n del Personal Acad\u00e9mico.<\/p><\/div>\n\n\n\n<div class=\"wp-block-stackable-text stk-block-text stk-block stk-ef23d8b\" data-block-id=\"ef23d8b\"><style>.stk-ef23d8b .stk-block-text__text{font-size:18px !important;}@media screen and (max-width:999px){.stk-ef23d8b .stk-block-text__text{font-size:18px !important;}}<\/style><p class=\"stk-block-text__text\">Cuando se crea la Direcci\u00f3n General de Docencia, el 7 de julio de 1999 se determina que esta direcci\u00f3n estaba m\u00e1s alineada con las actividades de OTEP. As\u00ed, se transforma en el Departamento de Evaluaci\u00f3n y Promoci\u00f3n del Personal Acad\u00e9mico -DEPPA- integrado a la Divisi\u00f3n de Desarrollo Docente -DDA-. Este cambio no solo fue nominal, sino tambi\u00e9n de visi\u00f3n, pasando de una perspectiva administrativa a una verdaderamente acad\u00e9mica. Desde entonces mejor\u00f3 el sistema y procedimiento de evaluaci\u00f3n docente y promoci\u00f3n.<\/p><\/div>\n\n\n\n<div class=\"wp-block-stackable-text stk-block-text stk-block stk-3b1c1c5\" data-block-id=\"3b1c1c5\"><style>.stk-3b1c1c5 .stk-block-text__text{font-size:18px !important;}@media screen and (max-width:999px){.stk-3b1c1c5 .stk-block-text__text{font-size:18px !important;}}<\/style><p class=\"stk-block-text__text\">El DEPPA fue creado en 1999 como resultado de una reforma institucional en la USAC. Esta reforma ten\u00eda como objetivo fortalecer la calidad de la educaci\u00f3n y mejorar la gesti\u00f3n acad\u00e9mica en la universidad. El DEPPA, realiza una evaluaci\u00f3n integral y objetiva del desempe\u00f1o docente, considerando aspectos como la calidad de la ense\u00f1anza, la producci\u00f3n acad\u00e9mica, la actualizaci\u00f3n, la formaci\u00f3n continua, y la tutor\u00eda a estudiantes. Estos procesos buscan reconocer y premiar el trabajo destacado de los profesores, mediante un sistema de promociones, as\u00ed como identificar \u00e1reas de mejora y brindar apoyo para su desarrollo profesional.<\/p><\/div>\n\n\n\n<div class=\"wp-block-stackable-spacer stk-block-spacer stk--no-padding stk-block stk-532853b\" data-block-id=\"532853b\"><style>.stk-532853b {height:25px !important;}<\/style><\/div>\n\n\n\n<div class=\"wp-block-stackable-columns alignfull stk-block-columns stk-block stk-4de2a76 stk-block-background stk--has-background-overlay\" data-block-id=\"4de2a76\"><style>.stk-4de2a76 {background-color:var(--theme-palette-color-1, #26306d) !important;background-image:url(http:\/\/portaldeppa.usac.edu.gt\/wp-content\/uploads\/2025\/09\/patron-icono-scaled.png) !important;align-items:center !important;margin-top:var(--stk--preset--spacing--30, 0.67rem) !important;margin-right:var(--stk--preset--spacing--30, 0.67rem) !important;margin-bottom:var(--stk--preset--spacing--30, 0.67rem) !important;margin-left:var(--stk--preset--spacing--30, 0.67rem) !important;display:flex !important;}.stk-4de2a76:before{background-color:var(--theme-palette-color-1, #26306d) !important;opacity:0.9 !important;}.stk-4de2a76-column{--stk-column-gap:var(--stk--preset--spacing--50, 1.5rem) !important;}<\/style><div class=\"stk-row stk-inner-blocks has-text-align-center stk-block-content stk-content-align stk-4de2a76-column\">\n<div class=\"wp-block-stackable-column stk-block-column stk-column stk-block stk-4e18130\" data-v=\"4\" data-block-id=\"4e18130\"><style>@media screen and (max-width:689px){.stk-4e18130 {margin-right:10px !important;margin-left:10px !important;}}<\/style><div class=\"stk-column-wrapper stk-block-column__content stk-container stk-4e18130-container stk--no-background stk--no-padding\"><div class=\"stk-block-content stk-inner-blocks stk-4e18130-inner-blocks\">\n<div class=\"wp-block-stackable-text stk-block-text stk-block stk-8fc2a65\" data-block-id=\"8fc2a65\"><style>.stk-8fc2a65 .stk-block-text__text{font-size:18px !important;color:var(--theme-palette-color-7, #FBFBFC) !important;}@media screen and (max-width:999px){.stk-8fc2a65 .stk-block-text__text{font-size:18px !important;}}<\/style><p class=\"stk-block-text__text has-text-color has-text-align-left\">Desde el 2000, el DEPPA ha reconocido la igualdad de puestos para docentes que laboran en distintas unidades acad\u00e9micas y ha valorado la calidad acad\u00e9mica, la formaci\u00f3n docente y los estudios de posgrado del personal acad\u00e9mico, permitiendo a los docentes aspirar a posiciones superiores.<\/p><\/div>\n<\/div><\/div><\/div>\n<\/div><\/div>\n","protected":false},"excerpt":{"rendered":"<p>Nuestra Historia El Departamento de Evaluaci\u00f3n y Promoci\u00f3n del Personal Acad\u00e9mico inicia como la Oficina T\u00e9cnica de Evaluaci\u00f3n y Promoci\u00f3n -OTEP-, por lo que hablar del DEPPA es hablar de OTEP. Originalmente, la OTEP pertenec\u00eda a la Direcci\u00f3n General de Administraci\u00f3n, una relaci\u00f3n administrativa que no correspond\u00eda a sus funciones principales, ya que esta direcci\u00f3n [&hellip;]<\/p>\n","protected":false},"author":3,"featured_media":945,"parent":0,"menu_order":0,"comment_status":"closed","ping_status":"closed","template":"","meta":{"_editorskit_title_hidden":true,"_editorskit_reading_time":0,"_editorskit_is_block_options_detached":false,"_editorskit_block_options_position":"{}","footnotes":""},"class_list":["post-52","page","type-page","status-publish","has-post-thumbnail","hentry"],"blocksy_meta":[],"_links":{"self":[{"href":"https:\/\/portaldeppa.usac.edu.gt\/index.php?rest_route=\/wp\/v2\/pages\/52","targetHints":{"allow":["GET"]}}],"collection":[{"href":"https:\/\/portaldeppa.usac.edu.gt\/index.php?rest_route=\/wp\/v2\/pages"}],"about":[{"href":"https:\/\/portaldeppa.usac.edu.gt\/index.php?rest_route=\/wp\/v2\/types\/page"}],"author":[{"embeddable":true,"href":"https:\/\/portaldeppa.usac.edu.gt\/index.php?rest_route=\/wp\/v2\/users\/3"}],"replies":[{"embeddable":true,"href":"https:\/\/portaldeppa.usac.edu.gt\/index.php?rest_route=%2Fwp%2Fv2%2Fcomments&post=52"}],"version-history":[{"count":74,"href":"https:\/\/portaldeppa.usac.edu.gt\/index.php?rest_route=\/wp\/v2\/pages\/52\/revisions"}],"predecessor-version":[{"id":1346,"href":"https:\/\/portaldeppa.usac.edu.gt\/index.php?rest_route=\/wp\/v2\/pages\/52\/revisions\/1346"}],"wp:featuredmedia":[{"embeddable":true,"href":"https:\/\/portaldeppa.usac.edu.gt\/index.php?rest_route=\/wp\/v2\/media\/945"}],"wp:attachment":[{"href":"https:\/\/portaldeppa.usac.edu.gt\/index.php?rest_route=%2Fwp%2Fv2%2Fmedia&parent=52"}],"curies":[{"name":"wp","href":"https:\/\/api.w.org\/{rel}","templated":true}]}}