{"id":123,"date":"2025-08-06T16:35:17","date_gmt":"2025-08-06T22:35:17","guid":{"rendered":"https:\/\/portaldeppa.usac.edu.gt\/?page_id=123"},"modified":"2025-10-15T23:11:47","modified_gmt":"2025-10-16T05:11:47","slug":"noticias","status":"publish","type":"page","link":"https:\/\/portaldeppa.usac.edu.gt\/?page_id=123","title":{"rendered":"Noticias"},"content":{"rendered":"\n<div class=\"wp-block-stackable-image alignfull stk-block-image stk-block stk-eb25b8a\" data-block-id=\"eb25b8a\"><style>.stk-eb25b8a {margin-bottom:0px !important;top:-79px !important;}.stk-eb25b8a .stk-img-wrapper{aspect-ratio:4\/1 !important;height:auto !important;--stk-gradient-overlay:0 !important;}@media screen and (max-width:999px){.stk-eb25b8a .stk-img-wrapper{height:auto !important;}}@media screen and (max-width:689px){.stk-eb25b8a .stk-img-wrapper{aspect-ratio:2\/1 !important;height:auto !important;}}<\/style><figure><span class=\"stk-img-wrapper stk-image--shape-stretch\"><img fetchpriority=\"high\" decoding=\"async\" class=\"stk-img wp-image-1341\" src=\"http:\/\/portaldeppa.usac.edu.gt\/wp-content\/uploads\/2025\/10\/Encabezado_DEPPA_Noticias.jpg\" width=\"2560\" height=\"1440\" srcset=\"https:\/\/portaldeppa.usac.edu.gt\/wp-content\/uploads\/2025\/10\/Encabezado_DEPPA_Noticias.jpg 2560w, https:\/\/portaldeppa.usac.edu.gt\/wp-content\/uploads\/2025\/10\/Encabezado_DEPPA_Noticias-300x169.jpg 300w, https:\/\/portaldeppa.usac.edu.gt\/wp-content\/uploads\/2025\/10\/Encabezado_DEPPA_Noticias-1024x576.jpg 1024w, https:\/\/portaldeppa.usac.edu.gt\/wp-content\/uploads\/2025\/10\/Encabezado_DEPPA_Noticias-768x432.jpg 768w, https:\/\/portaldeppa.usac.edu.gt\/wp-content\/uploads\/2025\/10\/Encabezado_DEPPA_Noticias-1536x864.jpg 1536w, https:\/\/portaldeppa.usac.edu.gt\/wp-content\/uploads\/2025\/10\/Encabezado_DEPPA_Noticias-2048x1152.jpg 2048w\" sizes=\"(max-width: 2560px) 100vw, 2560px\" \/><\/span><\/figure><\/div>\n\n\n\n<div class=\"wp-block-stackable-feature stk-block-feature stk-block stk-19cf5f0 is-style-default\" data-v=\"2\" data-block-id=\"19cf5f0\"><style>.stk-19cf5f0 {--stk-feature-flex-wrap:nowrap !important;}<\/style><div class=\"stk-content-align stk-19cf5f0-column stk-container stk-19cf5f0-container stk--no-background stk--no-padding\"><div class=\"stk-inner-blocks stk-block-content stk-row\">\n<div class=\"wp-block-stackable-column stk-block-column stk-column stk-block stk-7a86461\" data-v=\"4\" data-block-id=\"7a86461\"><style>.stk-7a86461 {align-self:center !important;}<\/style><div class=\"stk-column-wrapper stk-block-column__content stk-container stk-7a86461-container stk--no-background stk--no-padding\"><div class=\"stk-block-content stk-inner-blocks stk-7a86461-inner-blocks\">\n<div class=\"wp-block-stackable-heading stk-block-heading stk-block-heading--v2 stk-block stk-9c9a1d3\" id=\"logros-2024\" data-block-id=\"9c9a1d3\"><style>.stk-9c9a1d3 .stk-block-heading__text{font-size:50px !important;color:var(--theme-palette-color-1, #26306d) !important;font-weight:800 !important;font-family:\"Poppins\", Sans-serif !important;}@media screen and (max-width:999px){.stk-9c9a1d3 .stk-block-heading__text{font-size:50px !important;}}@media screen and (max-width:689px){.stk-9c9a1d3 .stk-block-heading__text{font-size:30px !important;}}<\/style><h2 class=\"stk-block-heading__text has-text-color\">Logros 2024<\/h2><\/div>\n\n\n\n<div class=\"wp-block-stackable-icon-list stk-block-icon-list stk-block stk-42017ae\" data-block-id=\"42017ae\"><style>.stk-42017ae {--stk-icon-list-marker-color:var(--theme-palette-color-2, #29abe2) !important;}.stk-42017ae .stk-block-icon-list-item__content{align-items:baseline !important;}<\/style><svg style=\"display:none\"><defs><g id=\"stk-icon-list__icon-svg-def-42017ae\"><svg xmlns=\"http:\/\/www.w3.org\/2000\/svg\" viewBox=\"0 0 190 190\"><polygon points=\"173.8,28.4 60.4,141.8 15.7,97.2 5.1,107.8 60.4,163 184.4,39 173.8,28.4\"\/><\/svg><\/g><\/defs><\/svg><ul class=\"stk-block-icon-list__ul stk-block-icon-list--column\">\n<li class=\"wp-block-stackable-icon-list-item stk-block-icon-list-item stk-block stk-b1f3801\" data-block-id=\"b1f3801\"><style>.stk-b1f3801 .stk-block-icon-list-item__text{font-size:18px !important;}@media screen and (max-width:999px){.stk-b1f3801 .stk-block-icon-list-item__text{font-size:18px !important;}}@media screen and (max-width:689px){.stk-b1f3801 .stk-block-icon-list-item__text{font-size:16px !important;}}<\/style><div class=\"stk-block-icon-list-item__content\"><span class=\"stk--svg-wrapper\"><div class=\"stk--inner-svg\"><svg aria-hidden=\"true\" width=\"32\" height=\"32\"><use xlink:href=\"#stk-icon-list__icon-svg-def-42017ae\"><\/use><\/svg><\/div><\/span><span class=\"stk-block-icon-list-item__text\">Se desarroll\u00f3 la actividad \u00abEvaluaci\u00f3n Docente y su Calidad en la USAC\u00bb. Durante el evento se entregaron los resultados finales de la evaluaci\u00f3n docente correspondiente al a\u00f1o 2023.<\/span><\/div><\/li>\n\n\n\n<li class=\"wp-block-stackable-icon-list-item stk-block-icon-list-item stk-block stk-9e19b3d\" data-block-id=\"9e19b3d\"><style>.stk-9e19b3d .stk-block-icon-list-item__text{font-size:18px !important;}@media screen and (max-width:999px){.stk-9e19b3d .stk-block-icon-list-item__text{font-size:18px !important;}}@media screen and (max-width:689px){.stk-9e19b3d .stk-block-icon-list-item__text{font-size:16px !important;}}<\/style><div class=\"stk-block-icon-list-item__content\"><span class=\"stk--svg-wrapper\"><div class=\"stk--inner-svg\"><svg aria-hidden=\"true\" width=\"32\" height=\"32\"><use xlink:href=\"#stk-icon-list__icon-svg-def-42017ae\"><\/use><\/svg><\/div><\/span><span class=\"stk-block-icon-list-item__text\">Se han realizado 500 promociones docentes de enero a junio de 2024.<\/span><\/div><\/li>\n\n\n\n<li class=\"wp-block-stackable-icon-list-item stk-block-icon-list-item stk-block stk-fd239e5\" data-block-id=\"fd239e5\"><style>.stk-fd239e5 .stk-block-icon-list-item__text{font-size:18px !important;}@media screen and (max-width:999px){.stk-fd239e5 .stk-block-icon-list-item__text{font-size:18px !important;}}@media screen and (max-width:689px){.stk-fd239e5 .stk-block-icon-list-item__text{font-size:16px !important;}}<\/style><div class=\"stk-block-icon-list-item__content\"><span class=\"stk--svg-wrapper\"><div class=\"stk--inner-svg\"><svg aria-hidden=\"true\" width=\"32\" height=\"32\"><use xlink:href=\"#stk-icon-list__icon-svg-def-42017ae\"><\/use><\/svg><\/div><\/span><span class=\"stk-block-icon-list-item__text\">La evaluaci\u00f3n docente en l\u00ednea del 2024 se ha llevado a cabo en un 90%.<\/span><\/div><\/li>\n\n\n\n<li class=\"wp-block-stackable-icon-list-item stk-block-icon-list-item stk-block stk-6b9bb2e\" data-block-id=\"6b9bb2e\"><style>.stk-6b9bb2e .stk-block-icon-list-item__text{font-size:18px !important;}@media screen and (max-width:999px){.stk-6b9bb2e .stk-block-icon-list-item__text{font-size:18px !important;}}@media screen and (max-width:689px){.stk-6b9bb2e .stk-block-icon-list-item__text{font-size:16px !important;}}<\/style><div class=\"stk-block-icon-list-item__content\"><span class=\"stk--svg-wrapper\"><div class=\"stk--inner-svg\"><svg aria-hidden=\"true\" width=\"32\" height=\"32\"><use xlink:href=\"#stk-icon-list__icon-svg-def-42017ae\"><\/use><\/svg><\/div><\/span><span class=\"stk-block-icon-list-item__text\">Se realiz\u00f3 una investigaci\u00f3n diagn\u00f3stica, para determinar la valoraci\u00f3n que los agentes evaluadores dan a la integraci\u00f3n de la competencia digital en la evaluaci\u00f3n del desempe\u00f1o docente.<\/span><\/div><\/li>\n\n\n\n<li class=\"wp-block-stackable-icon-list-item stk-block-icon-list-item stk-block stk-668522e\" data-block-id=\"668522e\"><style>.stk-668522e .stk-block-icon-list-item__text{font-size:18px !important;}@media screen and (max-width:999px){.stk-668522e .stk-block-icon-list-item__text{font-size:18px !important;}}@media screen and (max-width:689px){.stk-668522e .stk-block-icon-list-item__text{font-size:16px !important;}}<\/style><div class=\"stk-block-icon-list-item__content\"><span class=\"stk--svg-wrapper\"><div class=\"stk--inner-svg\"><svg aria-hidden=\"true\" width=\"32\" height=\"32\"><use xlink:href=\"#stk-icon-list__icon-svg-def-42017ae\"><\/use><\/svg><\/div><\/span><span class=\"stk-block-icon-list-item__text\">Prototipado, dise\u00f1o y programaci\u00f3n del ecosistema inform\u00e1tico de DEPPA, espec\u00edficamente del m\u00f3dulo de m\u00e9ritos acad\u00e9micos y expedientes del personal docente.<\/span><\/div><\/li>\n<\/ul><\/div>\n<\/div><\/div><\/div>\n\n\n\n<div class=\"wp-block-stackable-column stk-block-column stk-column stk-block stk-7bcb76a\" data-v=\"4\" data-block-id=\"7bcb76a\"><style>.stk-7bcb76a {align-self:center !important;}<\/style><div class=\"stk-column-wrapper stk-block-column__content stk-container stk-7bcb76a-container stk--no-background stk--no-padding\"><div class=\"stk-block-content stk-inner-blocks stk-7bcb76a-inner-blocks\">\n<div class=\"wp-block-stackable-image stk-block-image stk-block stk-0615b2e\" data-block-id=\"0615b2e\"><style>.stk-0615b2e {border-top-left-radius:15px !important;border-top-right-radius:15px !important;border-bottom-right-radius:15px !important;border-bottom-left-radius:15px !important;overflow:hidden !important;}<\/style><figure><span class=\"stk-img-wrapper stk-image--shape-stretch\"><img decoding=\"async\" class=\"stk-img wp-image-1351\" src=\"http:\/\/portaldeppa.usac.edu.gt\/wp-content\/uploads\/2025\/10\/IMG_6535-scaled.jpg\" width=\"2560\" height=\"1707\" srcset=\"https:\/\/portaldeppa.usac.edu.gt\/wp-content\/uploads\/2025\/10\/IMG_6535-scaled.jpg 2560w, https:\/\/portaldeppa.usac.edu.gt\/wp-content\/uploads\/2025\/10\/IMG_6535-300x200.jpg 300w, https:\/\/portaldeppa.usac.edu.gt\/wp-content\/uploads\/2025\/10\/IMG_6535-1024x683.jpg 1024w, https:\/\/portaldeppa.usac.edu.gt\/wp-content\/uploads\/2025\/10\/IMG_6535-768x512.jpg 768w, https:\/\/portaldeppa.usac.edu.gt\/wp-content\/uploads\/2025\/10\/IMG_6535-1536x1024.jpg 1536w, https:\/\/portaldeppa.usac.edu.gt\/wp-content\/uploads\/2025\/10\/IMG_6535-2048x1365.jpg 2048w\" sizes=\"(max-width: 2560px) 100vw, 2560px\" \/><\/span><\/figure><\/div>\n<\/div><\/div><\/div>\n<\/div><\/div><\/div>\n\n\n\n<div class=\"wp-block-stackable-heading stk-block-heading stk-block-heading--v2 stk-block stk-4c82148\" id=\"conecta-con-nosotros\" data-block-id=\"4c82148\"><style>.stk-4c82148 {margin-bottom:0px !important;}.stk-4c82148 .stk-block-heading__text{font-size:50px !important;color:var(--theme-palette-color-1, #26306d) !important;font-weight:800 !important;font-family:\"Poppins\", Sans-serif !important;}@media screen and (max-width:999px){.stk-4c82148 .stk-block-heading__text{font-size:50px !important;}}@media screen and (max-width:689px){.stk-4c82148 .stk-block-heading__text{font-size:30px !important;}}<\/style><h2 class=\"stk-block-heading__text has-text-color has-text-align-center\">\u00a1Conecta con nosotros!<\/h2><\/div>\n\n\n\n<div class=\"wp-block-stackable-text stk-block-text stk-block stk-fbe616a\" data-block-id=\"fbe616a\"><style>.stk-fbe616a .stk-block-text__text{font-size:18px !important;}@media screen and (max-width:999px){.stk-fbe616a .stk-block-text__text{font-size:18px !important;}}@media screen and (max-width:689px){.stk-fbe616a .stk-block-text__text{font-size:16px !important;}}<\/style><p class=\"stk-block-text__text has-text-align-center\">\u00danete a todas nuestras redes sociales y ent\u00e9rate de todo lo nuevo relacionado a la evaluaci\u00f3n docente<\/p><\/div>\n\n\n\n<div class=\"wp-block-stackable-feature-grid alignwide stk-block-feature-grid stk-block-columns stk-block stk-928d440 is-style-default\" data-block-id=\"928d440\"><div class=\"stk-row stk-inner-blocks has-text-align-center stk-block-content stk-content-align stk-928d440-column alignwide\">\n<div class=\"wp-block-stackable-column stk-block-column stk-column stk-block stk-4532a6e\" data-v=\"4\" data-block-id=\"4532a6e\"><div class=\"stk-column-wrapper stk-block-column__content stk-container stk-4532a6e-container stk-hover-parent\"><div class=\"stk-block-content stk-inner-blocks stk-4532a6e-inner-blocks\">\n<div class=\"wp-block-stackable-image stk-block-image stk-block stk-b3eb828\" data-block-id=\"b3eb828\"><style>.stk-b3eb828 .stk-img-wrapper{aspect-ratio:2\/1 !important;height:auto !important;}@media screen and (max-width:999px){.stk-b3eb828 .stk-img-wrapper{height:auto !important;}}@media screen and (max-width:689px){.stk-b3eb828 .stk-img-wrapper{height:auto !important;}}<\/style><figure><span class=\"stk-img-wrapper stk-image--shape-stretch\"><img decoding=\"async\" class=\"stk-img wp-image-1319\" src=\"http:\/\/portaldeppa.usac.edu.gt\/wp-content\/uploads\/2025\/10\/WhatsApp-Image-2025-10-03-at-11.08.35-AM.jpeg\" width=\"1247\" height=\"683\" srcset=\"https:\/\/portaldeppa.usac.edu.gt\/wp-content\/uploads\/2025\/10\/WhatsApp-Image-2025-10-03-at-11.08.35-AM.jpeg 1247w, https:\/\/portaldeppa.usac.edu.gt\/wp-content\/uploads\/2025\/10\/WhatsApp-Image-2025-10-03-at-11.08.35-AM-300x164.jpeg 300w, https:\/\/portaldeppa.usac.edu.gt\/wp-content\/uploads\/2025\/10\/WhatsApp-Image-2025-10-03-at-11.08.35-AM-1024x561.jpeg 1024w, https:\/\/portaldeppa.usac.edu.gt\/wp-content\/uploads\/2025\/10\/WhatsApp-Image-2025-10-03-at-11.08.35-AM-768x421.jpeg 768w\" sizes=\"(max-width: 1247px) 100vw, 1247px\" \/><\/span><\/figure><\/div>\n\n\n\n<div class=\"wp-block-stackable-heading stk-block-heading stk-block-heading--v2 stk-block stk-008f1ef\" id=\"nuestra-fan-page\" data-block-id=\"008f1ef\"><style>.stk-008f1ef .stk-block-heading__text{color:var(--theme-palette-color-1, #26306d) !important;}@media screen and (max-width:689px){.stk-008f1ef .stk-block-heading__text{font-size:20px !important;}}<\/style><h3 class=\"stk-block-heading__text has-text-color\">Nuestra fan page<\/h3><\/div>\n\n\n\n<div class=\"wp-block-stackable-text stk-block-text stk-block stk-3f116c1\" data-block-id=\"3f116c1\"><style>.stk-3f116c1 .stk-block-text__text{font-size:18px !important;}@media screen and (max-width:999px){.stk-3f116c1 .stk-block-text__text{font-size:18px !important;}}@media screen and (max-width:689px){.stk-3f116c1 .stk-block-text__text{font-size:16px !important;}}<\/style><p class=\"stk-block-text__text\">\u00danete a nuestra fan page y s\u00e9 parte de nuestra comunidad, donde podr\u00e1s enterarte de actividades, eventos y mantenerte siempre cerca de nosotros.<\/p><\/div>\n\n\n\n<div class=\"wp-block-stackable-button-group stk-block-button-group stk-block stk-9b84bdb\" data-block-id=\"9b84bdb\"><div class=\"stk-row stk-inner-blocks stk-block-content stk-button-group\">\n<div class=\"wp-block-stackable-button stk-block-button is-style-plain stk-block stk-ffbc32b\" data-block-id=\"ffbc32b\"><style>.stk-ffbc32b .stk-button{background:transparent !important;}@media screen and (max-width:689px){.stk-ffbc32b .stk-button__inner-text{font-size:14px !important;}}<\/style><a class=\"stk-link stk-button stk--hover-effect-darken\" href=\"https:\/\/www.facebook.com\/UsacOficial\" target=\"_blank\" rel=\"noreferrer noopener\"><span class=\"stk-button__inner-text\">Visitar<\/span><\/a><\/div>\n<\/div><\/div>\n<\/div><\/div><\/div>\n\n\n\n<div class=\"wp-block-stackable-column stk-block-column stk-column stk-block stk-bcb758b\" data-v=\"4\" data-block-id=\"bcb758b\"><div class=\"stk-column-wrapper stk-block-column__content stk-container stk-bcb758b-container stk-hover-parent\"><div class=\"stk-block-content stk-inner-blocks stk-bcb758b-inner-blocks\">\n<div class=\"wp-block-stackable-image stk-block-image stk-block stk-60c4704\" data-block-id=\"60c4704\"><style>.stk-60c4704 .stk-img-wrapper{aspect-ratio:2\/1 !important;height:auto !important;}.stk-60c4704 .stk-img-wrapper img{object-position:49% 9% !important;}@media screen and (max-width:999px){.stk-60c4704 .stk-img-wrapper{height:auto !important;}}@media screen and (max-width:689px){.stk-60c4704 .stk-img-wrapper{height:auto !important;}}<\/style><figure><span class=\"stk-img-wrapper stk-image--shape-stretch\"><img loading=\"lazy\" decoding=\"async\" class=\"stk-img wp-image-1318\" src=\"http:\/\/portaldeppa.usac.edu.gt\/wp-content\/uploads\/2025\/10\/WhatsApp-Image-2025-10-03-at-11.09.05-AM.jpeg\" width=\"1012\" height=\"772\" srcset=\"https:\/\/portaldeppa.usac.edu.gt\/wp-content\/uploads\/2025\/10\/WhatsApp-Image-2025-10-03-at-11.09.05-AM.jpeg 1012w, https:\/\/portaldeppa.usac.edu.gt\/wp-content\/uploads\/2025\/10\/WhatsApp-Image-2025-10-03-at-11.09.05-AM-300x229.jpeg 300w, https:\/\/portaldeppa.usac.edu.gt\/wp-content\/uploads\/2025\/10\/WhatsApp-Image-2025-10-03-at-11.09.05-AM-768x586.jpeg 768w\" sizes=\"(max-width: 1012px) 100vw, 1012px\" \/><\/span><\/figure><\/div>\n\n\n\n<div class=\"wp-block-stackable-heading stk-block-heading stk-block-heading--v2 stk-block stk-3de3c16\" id=\"nuestro-instagram\" data-block-id=\"3de3c16\"><style>.stk-3de3c16 .stk-block-heading__text{color:var(--theme-palette-color-1, #26306d) !important;}@media screen and (max-width:689px){.stk-3de3c16 .stk-block-heading__text{font-size:20px !important;}}<\/style><h3 class=\"stk-block-heading__text has-text-color\">Nuestro Instagram<\/h3><\/div>\n\n\n\n<div class=\"wp-block-stackable-text stk-block-text stk-block stk-84c0f2b\" data-block-id=\"84c0f2b\"><style>.stk-84c0f2b .stk-block-text__text{font-size:18px !important;}@media screen and (max-width:999px){.stk-84c0f2b .stk-block-text__text{font-size:18px !important;}}@media screen and (max-width:689px){.stk-84c0f2b .stk-block-text__text{font-size:16px !important;}}<\/style><p class=\"stk-block-text__text\">S\u00edguenos en Instagram y comparte de cerca nuestras actividades y novedades, siendo parte del crecimiento de nuestra comunidad.<\/p><\/div>\n\n\n\n<div class=\"wp-block-stackable-button-group stk-block-button-group stk-block stk-98820fa\" data-block-id=\"98820fa\"><div class=\"stk-row stk-inner-blocks stk-block-content stk-button-group\">\n<div class=\"wp-block-stackable-button stk-block-button is-style-plain stk-block stk-3eddabe\" data-block-id=\"3eddabe\"><style>.stk-3eddabe .stk-button{background:transparent !important;}@media screen and (max-width:689px){.stk-3eddabe .stk-button__inner-text{font-size:14px !important;}}<\/style><a class=\"stk-link stk-button stk--hover-effect-darken\" href=\"https:\/\/www.instagram.com\/usactricentenaria\/\" target=\"_blank\" rel=\"noreferrer noopener\"><span class=\"stk-button__inner-text\">Visitar<\/span><\/a><\/div>\n<\/div><\/div>\n<\/div><\/div><\/div>\n\n\n\n<div class=\"wp-block-stackable-column stk-block-column stk-column stk-block stk-6a56cbe\" data-v=\"4\" data-block-id=\"6a56cbe\"><div class=\"stk-column-wrapper stk-block-column__content stk-container stk-6a56cbe-container stk-hover-parent\"><div class=\"stk-block-content stk-inner-blocks stk-6a56cbe-inner-blocks\">\n<div class=\"wp-block-stackable-image stk-block-image stk-block stk-9c41a82\" data-block-id=\"9c41a82\"><style>.stk-9c41a82 .stk-img-wrapper{aspect-ratio:2\/1 !important;height:auto !important;}@media screen and (max-width:999px){.stk-9c41a82 .stk-img-wrapper{height:auto !important;}}@media screen and (max-width:689px){.stk-9c41a82 .stk-img-wrapper{height:auto !important;}}<\/style><figure><span class=\"stk-img-wrapper stk-image--shape-stretch\"><img loading=\"lazy\" decoding=\"async\" class=\"stk-img wp-image-1317\" src=\"http:\/\/portaldeppa.usac.edu.gt\/wp-content\/uploads\/2025\/10\/WhatsApp-Image-2025-10-03-at-10.53.41-AM.jpeg\" width=\"1600\" height=\"821\" srcset=\"https:\/\/portaldeppa.usac.edu.gt\/wp-content\/uploads\/2025\/10\/WhatsApp-Image-2025-10-03-at-10.53.41-AM.jpeg 1600w, https:\/\/portaldeppa.usac.edu.gt\/wp-content\/uploads\/2025\/10\/WhatsApp-Image-2025-10-03-at-10.53.41-AM-300x154.jpeg 300w, https:\/\/portaldeppa.usac.edu.gt\/wp-content\/uploads\/2025\/10\/WhatsApp-Image-2025-10-03-at-10.53.41-AM-1024x525.jpeg 1024w, https:\/\/portaldeppa.usac.edu.gt\/wp-content\/uploads\/2025\/10\/WhatsApp-Image-2025-10-03-at-10.53.41-AM-768x394.jpeg 768w, https:\/\/portaldeppa.usac.edu.gt\/wp-content\/uploads\/2025\/10\/WhatsApp-Image-2025-10-03-at-10.53.41-AM-1536x788.jpeg 1536w\" sizes=\"(max-width: 1600px) 100vw, 1600px\" \/><\/span><\/figure><\/div>\n\n\n\n<div class=\"wp-block-stackable-heading stk-block-heading stk-block-heading--v2 stk-block stk-163b881\" id=\"a-href-https-www-youtube-com-deppausac-data-type-link-data-id-https-www-youtube-com-deppausac-target-blank-rel-noreferrer-noopener-nuestro-you-tube-a\" data-block-id=\"163b881\"><style>.stk-163b881 .stk-block-heading__text{color:var(--theme-palette-color-1, #26306d) !important;}@media screen and (max-width:689px){.stk-163b881 .stk-block-heading__text{font-size:20px !important;}}<\/style><h3 class=\"stk-block-heading__text has-text-color\"><a href=\"https:\/\/www.youtube.com\/@DEPPAUSAC\" data-type=\"link\" data-id=\"https:\/\/www.youtube.com\/@DEPPAUSAC\" target=\"_blank\" rel=\"noreferrer noopener\">Nuestro YouTube<\/a><\/h3><\/div>\n\n\n\n<div class=\"wp-block-stackable-text stk-block-text stk-block stk-c1d24af\" data-block-id=\"c1d24af\"><style>.stk-c1d24af .stk-block-text__text{font-size:18px !important;}@media screen and (max-width:999px){.stk-c1d24af .stk-block-text__text{font-size:18px !important;}}@media screen and (max-width:689px){.stk-c1d24af .stk-block-text__text{font-size:16px !important;}}<\/style><p class=\"stk-block-text__text\">Visita nuestro canal de YouTube y accede a videoconferencias, capacitaciones y encuentros que inspiran y fortalecen la labor docente.<\/p><\/div>\n\n\n\n<div class=\"wp-block-stackable-button-group stk-block-button-group stk-block stk-9a2ebcc\" data-block-id=\"9a2ebcc\"><div class=\"stk-row stk-inner-blocks stk-block-content stk-button-group\">\n<div class=\"wp-block-stackable-button stk-block-button is-style-plain stk-block stk-0faea07\" data-block-id=\"0faea07\"><style>.stk-0faea07 .stk-button{background:transparent !important;}@media screen and (max-width:689px){.stk-0faea07 .stk-button__inner-text{font-size:14px !important;}}<\/style><a class=\"stk-link stk-button stk--hover-effect-darken\" href=\"https:\/\/www.youtube.com\/@DEPPAUSAC\" target=\"_blank\" rel=\"noreferrer noopener\"><span class=\"stk-button__inner-text\">Visitar<\/span><\/a><\/div>\n<\/div><\/div>\n<\/div><\/div><\/div>\n<\/div><\/div>\n","protected":false},"excerpt":{"rendered":"<p>Logros 2024 \u00a1Conecta con nosotros! \u00danete a todas nuestras redes sociales y ent\u00e9rate de todo lo nuevo relacionado a la evaluaci\u00f3n docente Nuestra fan page \u00danete a nuestra fan page y s\u00e9 parte de nuestra comunidad, donde podr\u00e1s enterarte de actividades, eventos y mantenerte siempre cerca de nosotros. Visitar Nuestro Instagram S\u00edguenos en Instagram y [&hellip;]<\/p>\n","protected":false},"author":5,"featured_media":1309,"parent":0,"menu_order":0,"comment_status":"closed","ping_status":"closed","template":"","meta":{"_editorskit_title_hidden":true,"_editorskit_reading_time":0,"_editorskit_is_block_options_detached":false,"_editorskit_block_options_position":"{}","footnotes":""},"class_list":["post-123","page","type-page","status-publish","has-post-thumbnail","hentry"],"blocksy_meta":[],"_links":{"self":[{"href":"https:\/\/portaldeppa.usac.edu.gt\/index.php?rest_route=\/wp\/v2\/pages\/123","targetHints":{"allow":["GET"]}}],"collection":[{"href":"https:\/\/portaldeppa.usac.edu.gt\/index.php?rest_route=\/wp\/v2\/pages"}],"about":[{"href":"https:\/\/portaldeppa.usac.edu.gt\/index.php?rest_route=\/wp\/v2\/types\/page"}],"author":[{"embeddable":true,"href":"https:\/\/portaldeppa.usac.edu.gt\/index.php?rest_route=\/wp\/v2\/users\/5"}],"replies":[{"embeddable":true,"href":"https:\/\/portaldeppa.usac.edu.gt\/index.php?rest_route=%2Fwp%2Fv2%2Fcomments&post=123"}],"version-history":[{"count":16,"href":"https:\/\/portaldeppa.usac.edu.gt\/index.php?rest_route=\/wp\/v2\/pages\/123\/revisions"}],"predecessor-version":[{"id":1352,"href":"https:\/\/portaldeppa.usac.edu.gt\/index.php?rest_route=\/wp\/v2\/pages\/123\/revisions\/1352"}],"wp:featuredmedia":[{"embeddable":true,"href":"https:\/\/portaldeppa.usac.edu.gt\/index.php?rest_route=\/wp\/v2\/media\/1309"}],"wp:attachment":[{"href":"https:\/\/portaldeppa.usac.edu.gt\/index.php?rest_route=%2Fwp%2Fv2%2Fmedia&parent=123"}],"curies":[{"name":"wp","href":"https:\/\/api.w.org\/{rel}","templated":true}]}}